{"id":5995,"date":"2026-03-24T10:50:36","date_gmt":"2026-03-24T13:50:36","guid":{"rendered":"https:\/\/populos.com.br\/home\/?page_id=5995"},"modified":"2026-03-24T15:18:45","modified_gmt":"2026-03-24T18:18:45","slug":"parceiros-2","status":"publish","type":"page","link":"https:\/\/populos.com.br\/home\/parceiros-2\/","title":{"rendered":"Parceiros"},"content":{"rendered":"\t\t<div data-elementor-type=\"wp-page\" data-elementor-id=\"5995\" class=\"elementor elementor-5995\" data-elementor-post-type=\"page\">\n\t\t\t\t<div class=\"elementor-element elementor-element-6ba542e wd-section-stretch e-flex e-con-boxed e-con e-parent\" data-id=\"6ba542e\" data-element_type=\"container\" data-settings=\"{&quot;background_background&quot;:&quot;classic&quot;}\">\n\t\t\t\t\t<div class=\"e-con-inner\">\n\t\t\t\t<div class=\"elementor-element elementor-element-c2c2a84 color-scheme-inherit text-left elementor-widget elementor-widget-text-editor\" data-id=\"c2c2a84\" data-element_type=\"widget\" data-widget_type=\"text-editor.default\">\n\t\t\t\t<div class=\"elementor-widget-container\">\n\t\t\t\t\t\t\t\t\t<p><strong>Modern Workspace<\/strong><\/p>\t\t\t\t\t\t\t\t<\/div>\n\t\t\t\t<\/div>\n\t\t\t\t\t<\/div>\n\t\t\t\t<\/div>\n\t\t<div class=\"elementor-element elementor-element-1363b04 e-flex e-con-boxed e-con e-parent\" data-id=\"1363b04\" data-element_type=\"container\">\n\t\t\t\t\t<div class=\"e-con-inner\">\n\t\t\t\t<div class=\"elementor-element elementor-element-8cd4728 elementor-widget elementor-widget-image\" data-id=\"8cd4728\" data-element_type=\"widget\" data-widget_type=\"image.default\">\n\t\t\t\t<div class=\"elementor-widget-container\">\n\t\t\t\t\t\t\t\t\t\t\t\t<figure class=\"wp-caption\">\n\t\t\t\t\t\t\t\t\t\t\t<a href=\"https:\/\/populos.com.br\/home\/wp-content\/uploads\/2026\/03\/Ativo-1.png\" data-elementor-open-lightbox=\"yes\" data-elementor-lightbox-title=\"Ativo 1\" data-e-action-hash=\"#elementor-action%3Aaction%3Dlightbox%26settings%3DeyJpZCI6NjAwNSwidXJsIjoiaHR0cHM6XC9cL3BvcHVsb3MuY29tLmJyXC9ob21lXC93cC1jb250ZW50XC91cGxvYWRzXC8yMDI2XC8wM1wvQXRpdm8tMS5wbmcifQ%3D%3D\">\n\t\t\t\t\t\t\t<img decoding=\"async\" src=\"https:\/\/populos.com.br\/home\/wp-content\/uploads\/elementor\/thumbs\/Ativo-1-rkzh3jwrnjidma9p6ys28mj8g1r52r6ldnhsr5j1mo.png\" alt=\"Ativo 1\" \/>\t\t\t\t\t\t\t\t<\/a>\n\t\t\t\t\t\t\t\t\t\t\t<figcaption class=\"widget-image-caption wp-caption-text\"><\/figcaption>\n\t\t\t\t\t\t\t\t\t\t<\/figure>\n\t\t\t\t\t\t\t\t\t<\/div>\n\t\t\t\t<\/div>\n\t\t\t\t\t<\/div>\n\t\t\t\t<\/div>\n\t\t<div class=\"elementor-element elementor-element-20a34d9 e-flex e-con-boxed e-con e-parent\" data-id=\"20a34d9\" data-element_type=\"container\">\n\t\t\t\t\t<div class=\"e-con-inner\">\n\t\t<div class=\"elementor-element elementor-element-cb37d98 e-con-full e-flex e-con e-child\" data-id=\"cb37d98\" data-element_type=\"container\">\n\t\t\t\t<div class=\"elementor-element elementor-element-ad95588 color-scheme-inherit text-left elementor-widget elementor-widget-text-editor\" data-id=\"ad95588\" data-element_type=\"widget\" data-widget_type=\"text-editor.default\">\n\t\t\t\t<div class=\"elementor-widget-container\">\n\t\t\t\t\t\t\t\t\t<p><strong><span style=\"color: #5765c4;\">Prote\u00e7\u00e3o de aplica\u00e7\u00f5es, rede, usu\u00e1rios, endpoints e dados<\/span><\/strong><\/p><p><strong><span style=\"color: #5765c4;\">Akamai<\/span><\/strong> \u2013 Seguran\u00e7a de aplica\u00e7\u00f5es, WAF, prote\u00e7\u00e3o de tr\u00e1fego e Edge Security<br \/><strong><span style=\"color: #5765c4;\">Fortinet<\/span><\/strong> \u2013 Seguran\u00e7a de rede, firewall e SD-WAN<br \/><strong><span style=\"color: #5765c4;\">Netskope<\/span> <\/strong>\u2013 SASE, SWG, CASB e ZTNA<br \/><span style=\"color: #5765c4;\"><strong>SentinelOne<\/strong><\/span> \u2013 EDR\/XDR e prote\u00e7\u00e3o de endpoints<\/p><p><span style=\"color: #f76e52;\"><strong>Observabilidade, Service Ops e Automa\u00e7\u00e3o<\/strong><\/span><\/p><p><strong><span style=\"color: #f76e52;\">Freshworks<\/span><\/strong> \u2013 ITSM, CX, CRM e automa\u00e7\u00e3o de servi\u00e7os<br \/><strong><span style=\"color: #f76e52;\">Datadog<\/span><\/strong> \u2013 Observabilidade, monitoramento e performance<\/p>\t\t\t\t\t\t\t\t<\/div>\n\t\t\t\t<\/div>\n\t\t\t\t<\/div>\n\t\t<div class=\"elementor-element elementor-element-260ee8f e-con-full e-flex e-con e-child\" data-id=\"260ee8f\" data-element_type=\"container\">\n\t\t\t\t<div class=\"elementor-element elementor-element-4ef06cc color-scheme-inherit text-left elementor-widget elementor-widget-text-editor\" data-id=\"4ef06cc\" data-element_type=\"widget\" data-widget_type=\"text-editor.default\">\n\t\t\t\t<div class=\"elementor-widget-container\">\n\t\t\t\t\t\t\t\t\t<p><strong><span style=\"color: #017d63;\">Foco em HCI, storage, backup, resili\u00eancia e base de datacenter<\/span><\/strong><\/p><p><strong><span style=\"color: #017d63;\">Nutanix<\/span><\/strong> \u2013 Hiperconverg\u00eancia, infraestrutura definida por software e plataforma para aplica\u00e7\u00f5es modernas<br \/><strong><span style=\"color: #017d63;\">Exagrid<\/span> <\/strong>\u2013 Storage de backup com deduplica\u00e7\u00e3o e imutabilidade<br \/><strong><span style=\"color: #017d63;\">Veeam<\/span><\/strong> \u2013 Backup, recupera\u00e7\u00e3o e resili\u00eancia de dados<\/p><p><strong><span style=\"color: #5ca7e0;\">Camada de virtualiza\u00e7\u00e3o, workloads e servi\u00e7os de nuvem<\/span><\/strong><\/p><p><span style=\"color: #5ca7e0;\"><strong>AWS<\/strong><\/span> \u2013 Infraestrutura e servi\u00e7os de cloud p\u00fablica<br \/><span style=\"color: #5ca7e0;\"><strong>Microsoft<\/strong><\/span> \u2013 Azure, virtualiza\u00e7\u00e3o e servi\u00e7os h\u00edbridos<br \/><span style=\"color: #5ca7e0;\"><strong>Nerdio<\/strong> <\/span>\u2013 Automa\u00e7\u00e3o e gerenciamento de ambientes Microsoft<br \/><span style=\"color: #5ca7e0;\"><strong>Citrix<\/strong><\/span> \u2013 Virtualiza\u00e7\u00e3o de aplica\u00e7\u00f5es e desktops<br \/>Omnissa \u2013 Digital Workspace e gest\u00e3o da experi\u00eancia do colaborador<\/p>\t\t\t\t\t\t\t\t<\/div>\n\t\t\t\t<\/div>\n\t\t\t\t<\/div>\n\t\t\t\t\t<\/div>\n\t\t\t\t<\/div>\n\t\t\t\t<\/div>\n\t\t","protected":false},"excerpt":{"rendered":"<p>Modern Workspace Prote\u00e7\u00e3o de aplica\u00e7\u00f5es, rede, usu\u00e1rios, endpoints e dados Akamai \u2013 Seguran\u00e7a de aplica\u00e7\u00f5es, WAF, prote\u00e7\u00e3o de tr\u00e1fego e<\/p>\n","protected":false},"author":2,"featured_media":0,"parent":0,"menu_order":0,"comment_status":"closed","ping_status":"closed","template":"","meta":{"_joinchat":[],"footnotes":""},"class_list":["post-5995","page","type-page","status-publish","hentry"],"_links":{"self":[{"href":"https:\/\/populos.com.br\/home\/wp-json\/wp\/v2\/pages\/5995","targetHints":{"allow":["GET"]}}],"collection":[{"href":"https:\/\/populos.com.br\/home\/wp-json\/wp\/v2\/pages"}],"about":[{"href":"https:\/\/populos.com.br\/home\/wp-json\/wp\/v2\/types\/page"}],"author":[{"embeddable":true,"href":"https:\/\/populos.com.br\/home\/wp-json\/wp\/v2\/users\/2"}],"replies":[{"embeddable":true,"href":"https:\/\/populos.com.br\/home\/wp-json\/wp\/v2\/comments?post=5995"}],"version-history":[{"count":12,"href":"https:\/\/populos.com.br\/home\/wp-json\/wp\/v2\/pages\/5995\/revisions"}],"predecessor-version":[{"id":6011,"href":"https:\/\/populos.com.br\/home\/wp-json\/wp\/v2\/pages\/5995\/revisions\/6011"}],"wp:attachment":[{"href":"https:\/\/populos.com.br\/home\/wp-json\/wp\/v2\/media?parent=5995"}],"curies":[{"name":"wp","href":"https:\/\/api.w.org\/{rel}","templated":true}]}}